{"id":2,"date":"2014-11-14T12:22:46","date_gmt":"2014-11-14T12:22:46","guid":{"rendered":"http:\/\/192.168.1.101:8888\/panorama_web\/?page_id=2"},"modified":"2016-12-20T13:34:19","modified_gmt":"2016-12-20T11:34:19","slug":"beispiel-seite","status":"publish","type":"page","link":"https:\/\/panoramaibiza.com\/es\/","title":{"rendered":"Bienvenidos"},"content":{"rendered":"<p><\/p>\n<blockquote><p>Creemos en dar al p\u00fablico servicio personalizado al mejor precio posible. Tenemos muchos a\u00f1os de experiencia, que nos permiten ofrecer a nuestros clientes est\u00e1 atenci\u00f3n especial que tan dif\u00edcil es de encontrar hoy en d\u00eda.<br \/>El Panorama complejo de apartamentos est\u00e1 dirigido por la familia Hayes personalmente, que ha estado operando en Es Cana desde 1965. Los Blanco y Negro apartamentos est\u00e1n situados en el centro de Es Cana, pero en un lugar tranquilo. Junto a los apartamentos se encuentra una peque\u00f1a playa con piscinas de roca naturales y el famoso Jacaranda Lounge Beach Club..<\/p><\/blockquote>\n<p><\/p>","protected":false},"excerpt":{"rendered":"<p>Creemos en dar al p\u00fablico servicio personalizado al mejor precio posible. Tenemos muchos a\u00f1os de experiencia, que nos permiten ofrecer a nuestros clientes est\u00e1 atenci\u00f3n especial que tan dif\u00edcil es de encontrar hoy en d\u00eda.El Panorama complejo de apartamentos est\u00e1 dirigido por la familia Hayes personalmente, que ha estado operando en Es Cana desde 1965. [&hellip;]<\/p>\n","protected":false},"author":1,"featured_media":135,"parent":0,"menu_order":0,"comment_status":"open","ping_status":"open","template":"page-home.php","meta":{"footnotes":""},"class_list":["post-2","page","type-page","status-publish","has-post-thumbnail","hentry"],"_links":{"self":[{"href":"https:\/\/panoramaibiza.com\/es\/wp-json\/wp\/v2\/pages\/2"}],"collection":[{"href":"https:\/\/panoramaibiza.com\/es\/wp-json\/wp\/v2\/pages"}],"about":[{"href":"https:\/\/panoramaibiza.com\/es\/wp-json\/wp\/v2\/types\/page"}],"author":[{"embeddable":true,"href":"https:\/\/panoramaibiza.com\/es\/wp-json\/wp\/v2\/users\/1"}],"replies":[{"embeddable":true,"href":"https:\/\/panoramaibiza.com\/es\/wp-json\/wp\/v2\/comments?post=2"}],"version-history":[{"count":9,"href":"https:\/\/panoramaibiza.com\/es\/wp-json\/wp\/v2\/pages\/2\/revisions"}],"predecessor-version":[{"id":337,"href":"https:\/\/panoramaibiza.com\/es\/wp-json\/wp\/v2\/pages\/2\/revisions\/337"}],"wp:featuredmedia":[{"embeddable":true,"href":"https:\/\/panoramaibiza.com\/es\/wp-json\/wp\/v2\/media\/135"}],"wp:attachment":[{"href":"https:\/\/panoramaibiza.com\/es\/wp-json\/wp\/v2\/media?parent=2"}],"curies":[{"name":"wp","href":"https:\/\/api.w.org\/{rel}","templated":true}]}}