{"id":2,"date":"2014-11-14T12:22:46","date_gmt":"2014-11-14T12:22:46","guid":{"rendered":"http:\/\/192.168.1.101:8888\/panorama_web\/?page_id=2"},"modified":"2016-12-20T13:34:19","modified_gmt":"2016-12-20T11:34:19","slug":"beispiel-seite","status":"publish","type":"page","link":"https:\/\/panoramaibiza.com\/de\/","title":{"rendered":"Willkommen"},"content":{"rendered":"<p><\/p>\n<blockquote><p>Unsere St\u00e4rke ist der pers\u00f6nliche Service zum bestm\u00f6glichen Preis. Unsere langj\u00e4hrige Erfahrung und Positionierung auf dem Markt erm\u00f6glicht es unseren Kunden ein solch hohes Ma\u00df an Sicherheit und Zuverl\u00e4ssigkeit zu bieten, wie man es heute nur noch selten findet.<br \/>Die Panorama Apartmentanlage befindet sich in pers\u00f6nlichem Besitz der Hayes-Familie, die ihre Apartments in Es Canar\/Ibiza seit 1965 pers\u00f6nlich betreiben. Die Blanco y Negro Apartments befinden sich zwar im Zentrum von Es Canar sind aber dennoch ruhig gelegen. Ein kleiner Strand mit Felsen-Pools, sowie der ber\u00fchmte Jacaranda Lounge Beach Club befindet sich direkt neben den Apartments. Der besonders sch\u00f6ne Haupt-Strand von Es Canar befindet sich in unmittelbarer N\u00e4he.<\/p><\/blockquote>\n<p><\/p>","protected":false},"excerpt":{"rendered":"<p>Unsere St\u00e4rke ist der pers\u00f6nliche Service zum bestm\u00f6glichen Preis. Unsere langj\u00e4hrige Erfahrung und Positionierung auf dem Markt erm\u00f6glicht es unseren Kunden ein solch hohes Ma\u00df an Sicherheit und Zuverl\u00e4ssigkeit zu bieten, wie man es heute nur noch selten findet.Die Panorama Apartmentanlage befindet sich in pers\u00f6nlichem Besitz der Hayes-Familie, die ihre Apartments in Es Canar\/Ibiza seit [&hellip;]<\/p>\n","protected":false},"author":1,"featured_media":135,"parent":0,"menu_order":0,"comment_status":"open","ping_status":"open","template":"page-home.php","meta":{"footnotes":""},"class_list":["post-2","page","type-page","status-publish","has-post-thumbnail","hentry"],"_links":{"self":[{"href":"https:\/\/panoramaibiza.com\/de\/wp-json\/wp\/v2\/pages\/2"}],"collection":[{"href":"https:\/\/panoramaibiza.com\/de\/wp-json\/wp\/v2\/pages"}],"about":[{"href":"https:\/\/panoramaibiza.com\/de\/wp-json\/wp\/v2\/types\/page"}],"author":[{"embeddable":true,"href":"https:\/\/panoramaibiza.com\/de\/wp-json\/wp\/v2\/users\/1"}],"replies":[{"embeddable":true,"href":"https:\/\/panoramaibiza.com\/de\/wp-json\/wp\/v2\/comments?post=2"}],"version-history":[{"count":9,"href":"https:\/\/panoramaibiza.com\/de\/wp-json\/wp\/v2\/pages\/2\/revisions"}],"predecessor-version":[{"id":337,"href":"https:\/\/panoramaibiza.com\/de\/wp-json\/wp\/v2\/pages\/2\/revisions\/337"}],"wp:featuredmedia":[{"embeddable":true,"href":"https:\/\/panoramaibiza.com\/de\/wp-json\/wp\/v2\/media\/135"}],"wp:attachment":[{"href":"https:\/\/panoramaibiza.com\/de\/wp-json\/wp\/v2\/media?parent=2"}],"curies":[{"name":"wp","href":"https:\/\/api.w.org\/{rel}","templated":true}]}}