{"id":172,"date":"2014-12-12T19:02:04","date_gmt":"2014-12-12T17:02:04","guid":{"rendered":"http:\/\/booking.panorama-ibiza.com\/?page_id=172"},"modified":"2014-12-12T19:02:04","modified_gmt":"2014-12-12T17:02:04","slug":"legal-notice","status":"publish","type":"page","link":"https:\/\/panoramaibiza.com\/de\/legal-notice\/","title":{"rendered":"Rechtliche Hinweise"},"content":{"rendered":"<p><strong>Allgemeine Gesch\u00e4ftsbedingungen Buchung<\/strong><br \/>\nDie Bearbeitung einer Reservierung \u00fcber die Webseite www.panoramaibiza.com, ist im Besitz und wird betrieben von Romero SCP. Beinhaltet die ausdr\u00fcckliche Annahme seitens des Kunden jeder Allgemeinzustand, die als integraler Bestandteil der Buchung sind im Einklang mit dem spezifische Gesetzgebung in Kraft.<\/p>\n<p>BUCHUNG UND ERSTATTUNGEN<\/p>\n<p>Wenn eine Buchung vorgenommen wird, ist es, indem sie eine sichere Zahlung per Kreditkarte eine Anzahlung, deren H\u00f6he angegeben 50% des Gesamtwerts der Buchung erfolgen. Eine Buchung ist erst nach Eingang der Anzahlung bezahlt hat. Der Rest der Zahlung erfolgt Romero SCP bei der Ankunft in der Unterkunft getroffen werden, da sonst die Reservierung gilt nach den Bedingungen in den Abschnitt Stornierungen werden. Die Kunden werden Einzelheiten \u00fcber ihre Buchungen per E-Mail erhalten, zusammen mit einer Identifikationsnummer (Referenz), alle damit verbundenen Informationen, die Bedingungen und R\u00fcckgaberecht. Die Transaktion wird in EURO durchgef\u00fchrt werden, egal, was die Herkunft der Kunden oder der gew\u00e4hlten Unterkunft.<\/p>\n<p>DIE RESERVIERUNG<\/p>\n<p>Die im Einzelnen aufgef\u00fchrten Serviceleistungen, um die Buchung genannten Bedingungen f\u00fcr jeden touristischen Betrieb zu der Zeit nach der Buchung ausgew\u00e4hlt. Inklusive V.A.T.<\/p>\n<p>DES KUNDEN<\/p>\n<p>Auf der Buchung ist der Kunde voll und ausschlie\u00dflich verantwortlich f\u00fcr die Richtigkeit aller Informationen, die gegeben sein muss. Wenn es als fehlerhaft erweist, k\u00f6nnte dies auf die Stornierung der Buchung f\u00fchren.<\/p>\n<p>STORNIERUNGEN<\/p>\n<p>Kunden k\u00f6nnen die gew\u00fcnschten Dienstleistungen oder vertraglich jederzeit k\u00fcndigen, mit dem Recht auf die R\u00fcckgabe von Betrag, den sie als Anzahlung bezahlt haben k\u00f6nnte, aber sie m\u00fcssen den touristischen Betrieb unter der unten beschriebenen Bedingungen gebucht haben kompensieren:<\/p>\n<p>1). Im Falle eines Hotel, Apartment-Hotel, Country Hotel, Hostal oder Residenz, wenn die Buchung storniert weniger als sieben Tage vor dem Termin f\u00fcr das Zimmer fest, wird der Betrag im Wege der Anzahlung zur Verf\u00fcgung bleiben von Romero SCP<\/p>\n<p>2). Im Falle eines Apartments oder Ferienwohnungen wird, verleiht Stornierung der Reservierung das Recht vorbehalten, im Wege der Entsch\u00e4digung, maximal folgenden Prozentsatz der Kaution:<\/p>\n<p>5% der H\u00f6he der Kaution, wenn die Stornierung mehr thatn 30 Tage vor dem Termin f\u00fcr die Besetzung der Unterkunft fest.<\/p>\n<p>50% der H\u00f6he der Kaution, wenn es gemacht ist weniger als 30 Tage, aber mehr als sieben Tage im Voraus.<\/p>\n<p>100% der H\u00f6he der Kaution, wenn es gemacht wird sieben Tage im Voraus oder weniger.<\/p>\n<p>Im Falle der Angebote und Fl\u00fcge, m\u00fcssen diese in voller H\u00f6he zum Zeitpunkt der Buchung bezahlt werden und keine R\u00fcckerstattungen sind zul\u00e4ssig.<\/p>\n<p>VERANTWORTUNG F\u00dcR DAS BUCHUNG SYSTEM www.panoramaibiza.com:<\/p>\n<p>Die Buchung ist in der Verantwortung der Romero SCP, mit einem finanziellen Identifikationsnummer A17007220 und Sitz in der Avenida Punta Arabi in Es Cana, CP 07849, Ibiza, Balearen, Spanien.<\/p>\n<p>Reservierungsabteilung<br \/>\nPanoramaibiza.com<\/p>","protected":false},"excerpt":{"rendered":"<p>Allgemeine Gesch\u00e4ftsbedingungen Buchung Die Bearbeitung einer Reservierung \u00fcber die Webseite www.panoramaibiza.com, ist im Besitz und wird betrieben von Romero SCP. Beinhaltet die ausdr\u00fcckliche Annahme seitens des Kunden jeder Allgemeinzustand, die als integraler Bestandteil der Buchung sind im Einklang mit dem spezifische Gesetzgebung in Kraft. BUCHUNG UND ERSTATTUNGEN Wenn eine Buchung vorgenommen wird, ist es, indem [&hellip;]<\/p>\n","protected":false},"author":1,"featured_media":0,"parent":0,"menu_order":0,"comment_status":"open","ping_status":"open","template":"","meta":{"footnotes":""},"class_list":["post-172","page","type-page","status-publish","hentry"],"_links":{"self":[{"href":"https:\/\/panoramaibiza.com\/de\/wp-json\/wp\/v2\/pages\/172"}],"collection":[{"href":"https:\/\/panoramaibiza.com\/de\/wp-json\/wp\/v2\/pages"}],"about":[{"href":"https:\/\/panoramaibiza.com\/de\/wp-json\/wp\/v2\/types\/page"}],"author":[{"embeddable":true,"href":"https:\/\/panoramaibiza.com\/de\/wp-json\/wp\/v2\/users\/1"}],"replies":[{"embeddable":true,"href":"https:\/\/panoramaibiza.com\/de\/wp-json\/wp\/v2\/comments?post=172"}],"version-history":[{"count":1,"href":"https:\/\/panoramaibiza.com\/de\/wp-json\/wp\/v2\/pages\/172\/revisions"}],"predecessor-version":[{"id":173,"href":"https:\/\/panoramaibiza.com\/de\/wp-json\/wp\/v2\/pages\/172\/revisions\/173"}],"wp:attachment":[{"href":"https:\/\/panoramaibiza.com\/de\/wp-json\/wp\/v2\/media?parent=172"}],"curies":[{"name":"wp","href":"https:\/\/api.w.org\/{rel}","templated":true}]}}