{"id":13,"date":"2014-11-14T17:01:29","date_gmt":"2014-11-14T15:01:29","guid":{"rendered":"http:\/\/192.168.1.101:8888\/panorama_web\/?page_id=13"},"modified":"2016-09-12T18:19:09","modified_gmt":"2016-09-12T16:19:09","slug":"weddings","status":"publish","type":"page","link":"https:\/\/panoramaibiza.com\/de\/weddings\/","title":{"rendered":"Hochzeiten"},"content":{"rendered":"<p>Ibizas Erreichbarkeit, Ruhm, Str\u00e4nde und das Nachtleben sind nur einige Gr\u00fcnde, warum sich viele Prominente dazu entscheiden, auf Ibiza ihre Hochzeit zu feiern. Darum wurde Ibiza auch ein derart popul\u00e4res Hochzeits-Ziel, das sogar einen eigenen kleinen Unternehmenszweig schuf, der nur auf diese Events spezialisiert ist. Hierzu geh\u00f6ren auch Restaurants, Bars und andere Unternehmen, die sich mit der Organisation dieses einzigartigen Ereignisses besch\u00e4ftigen.<\/p>\n<p>Auf Ibiza ist es m\u00f6glich. So k\u00f6nnen Sie w\u00e4hrend der Hochzeit den Sonnenuntergang \u00fcber dem Meer zu beobachten oder auch den Mondaufgang, Sie k\u00f6nnen auf dem Land heiraten, in einem l\u00e4ndlichen Hotel oder in einer bezaubernden Kirche. Diese magische und sch\u00f6ne Landschaft, kombiniert mit der Privatsph\u00e4re die man nur hier auf der Insel finden kann, hat viele bekannte Paare dazu veranlasst, ihre Hochzeit hier feiern.<\/p>\n<p>Kombinieren Sie Ihre Hochzeit und Flitterwochen mit einer fabelhaften Reiseaufenthalt; zelebrieren Sie Ihre Liebe mit Stil. Selbstverst\u00e4ndlich bewahren wir Ihnen den Spa\u00df und die Freude an der Planung Ihrer Hochzeit nehmen Ihnen aber all die Hektik und den Stress ab.<\/p>\n<p>Sobald Sie mit unserem Hochzeitsplaner in Kontakt getreten sind, werden wir alle Vorkehrungen treffen, um sicherzustellen, dass Ihre Traumhochzeit Ihre Erwartungen sogar \u00fcbertrifft. Auf Ibiza ist Ihr Vorstellungsverm\u00f6gen erst der Anfang!<\/p>\n<p>Mit seinen atemberaubenden Naturkulissen und vornehmen Umgebung ist der Jacaranda Lounge Beach Club Resort der Inbegriff von Luxus, Komfort und Glamour auf Ibiza.<\/p>\n<p>F\u00fcr eine wirklich besondere und typische Ibiza-Bauernhochzeit, k\u00f6nnen wir f\u00fcr Ihre Hochzeit das \u201cCan Truy\u201d im Herzen der einzigartigen ibizenkischen Landschaft empfehlen, das von nat\u00fcrlicher Sch\u00f6nheit umgeben ist. Ein Ort, der ausschlie\u00dflich f\u00fcr Ihre private Nutzung reserviert werden kann \u2026<\/p>\n<p>Braut, Br\u00e4utigam, Familie und Freunde k\u00f6nnen Sie auf die einwandfreie Durchf\u00fchrung Ihrer Veranstaltung verlassen. Egal ob an unserem privaten Strand- und K\u00fcstenstreifen, oder in der wie in oben beschriebenen l\u00e4ndlichen Umgebung von Can Truy.<\/p>\n<p>Unsere Vor-Ort-Koordinatoren werden mit Ihnen oder Ihrem Hochzeit Berater zusammen arbeiten, um Ihre Unterkunft und den Event zu planen und alle Lebensmittel- und Getr\u00e4nkelieferanten im Details zu reservieren.<\/p>\n<p>Von der Auswahl der Bettw\u00e4sche f\u00fcr Sie und Ihre G\u00e4ste \u00fcber Fragen zur Dekoration, zu den servierten Cocktails, dem Men\u00fc oder auch der eigens f\u00fcr Sie hergestellten Hochzeitstorte. Verlassen Sie sich auf unser Experten-Team. Mit mehr als 50 Jahren Erfahrung in der Planung und Durchf\u00fchrung von Veranstaltungen jeglicher Art auf Ibiza, garantieren wir, dass Ihre Anforderungen mit absoluter Genauigkeit und maximaler Diskretion erf\u00fcllt werden.<br \/>\nUnser Wedding-Planer stellt Ihnen passed f\u00fcr Ihr Budget ein Paket zusammen, das folgendes beinhaltet:<\/p>\n<p>\u2022 Unterbringung in unseren Blanco y Negro Apartments<br \/>\n\u2022 Mietwagen-, Brautauto- und Chauffeur-Service<br \/>\n\u2022 Club-Tickets und VIP Service f\u00fcr alle Clubs und Veranstaltungen<br \/>\n\u2022 Boot- und Yacht-Charter<br \/>\n\u2022 Masseur und Stylist, damit Sie entspannt und perfekt gestylt den Tag genie\u00dfen k\u00f6nnen<br \/>\n\u2022 Die Zeremonie an sich. Hier k\u00f6nnen Sie w\u00e4hlen zwischen Strand oder l\u00e4ndlicher Umgebung<br \/>\n\u2022 Catering und Unterbringung f\u00fcr bis zu 300 Personen<br \/>\n\u2022 Ein Hochzeits-Bankett durch unseren durch Michelin ausgezeichneten Koch<br \/>\n\u2022 Die ultimative Hochzeitsparty mit allem erforderlichem Entertainment<\/p>\n<p><\/p>","protected":false},"excerpt":{"rendered":"<p>Ibizas Erreichbarkeit, Ruhm, Str\u00e4nde und das Nachtleben sind nur einige Gr\u00fcnde, warum sich viele Prominente dazu entscheiden, auf Ibiza ihre Hochzeit zu feiern. Darum wurde Ibiza auch ein derart popul\u00e4res Hochzeits-Ziel, das sogar einen eigenen kleinen Unternehmenszweig schuf, der nur auf diese Events spezialisiert ist. Hierzu geh\u00f6ren auch Restaurants, Bars und andere Unternehmen, die sich [&hellip;]<\/p>\n","protected":false},"author":1,"featured_media":44,"parent":0,"menu_order":0,"comment_status":"open","ping_status":"open","template":"page-weddings.php","meta":{"footnotes":""},"class_list":["post-13","page","type-page","status-publish","has-post-thumbnail","hentry"],"_links":{"self":[{"href":"https:\/\/panoramaibiza.com\/de\/wp-json\/wp\/v2\/pages\/13"}],"collection":[{"href":"https:\/\/panoramaibiza.com\/de\/wp-json\/wp\/v2\/pages"}],"about":[{"href":"https:\/\/panoramaibiza.com\/de\/wp-json\/wp\/v2\/types\/page"}],"author":[{"embeddable":true,"href":"https:\/\/panoramaibiza.com\/de\/wp-json\/wp\/v2\/users\/1"}],"replies":[{"embeddable":true,"href":"https:\/\/panoramaibiza.com\/de\/wp-json\/wp\/v2\/comments?post=13"}],"version-history":[{"count":9,"href":"https:\/\/panoramaibiza.com\/de\/wp-json\/wp\/v2\/pages\/13\/revisions"}],"predecessor-version":[{"id":315,"href":"https:\/\/panoramaibiza.com\/de\/wp-json\/wp\/v2\/pages\/13\/revisions\/315"}],"wp:featuredmedia":[{"embeddable":true,"href":"https:\/\/panoramaibiza.com\/de\/wp-json\/wp\/v2\/media\/44"}],"wp:attachment":[{"href":"https:\/\/panoramaibiza.com\/de\/wp-json\/wp\/v2\/media?parent=13"}],"curies":[{"name":"wp","href":"https:\/\/api.w.org\/{rel}","templated":true}]}}